{"id":264,"date":"2025-06-30T20:22:09","date_gmt":"2025-06-30T18:22:09","guid":{"rendered":"https:\/\/lagrangedeturpenay.fr\/?page_id=264"},"modified":"2025-07-01T23:52:10","modified_gmt":"2025-07-01T21:52:10","slug":"menu-juillet-2025","status":"publish","type":"page","link":"https:\/\/lagrangedeturpenay.fr\/?page_id=264","title":{"rendered":"Menu juillet 2025"},"content":{"rendered":"\n<p><\/p>\n\n\n\n<p><strong><span data-fontSize=\"21px\" style=\"font-size: 21px;\" class=\"vk_inline-font-size\">Plats <\/span><\/strong><\/p>\n\n\n\n<p><span data-fontSize=\"21px\" style=\"font-size: 21px;\" class=\"vk_inline-font-size\">Main courses<\/span><\/p>\n\n\n\n<hr class=\"wp-block-separator has-alpha-channel-opacity\"\/>\n\n\n\n<p><strong>Salade compos\u00e9e, tartines de sainte maure<\/strong><br>Mixed salad with Sainte-Maure cheese toasts<\/p>\n\n\n\n<p><\/p>\n\n\n\n<p><strong>Wok de l\u00e9gumes, nouilles de riz, tofu japonais<\/strong><br>Vegetable stir-fry with rice noodles and Japanese tofu<\/p>\n\n\n\n<p><\/p>\n\n\n\n<p><strong>Halloumi, l\u00e9gumes d&#8217;\u00e9t\u00e9 grill\u00e9s, semoule<\/strong><br>Halloumi with grilled summer vegetables and couscous<\/p>\n\n\n\n<p><\/p>\n\n\n\n<p><strong>Rougail saucisse r\u00e9unionnais, riz<\/strong><br>R\u00e9union-style sausage rougail with rice<\/p>\n\n\n\n<p><\/p>\n\n\n\n<p><strong>Pi\u00e8ce du boucher, pommes de terre saut\u00e9es \u00e0 l&#8217;ail, sauce \u00e9chalote et chanterelles (+3\u20ac)<\/strong><br>Butcher&#8217;s cut with garlic saut\u00e9ed potatoes, shallot and chanterelle sauce (+\u20ac3)<\/p>\n\n\n\n<p><\/p>\n\n\n\n<p><strong>Gratin dauphinois aux chanterelles, salade verte<\/strong><br>Chanterelle potato gratin with green salad<\/p>\n\n\n\n<p><\/p>\n\n\n\n<p><strong>Curry de crevettes au lait de coco, riz<\/strong><br>Coconut milk shrimp curry with rice<\/p>\n\n\n\n<p><\/p>\n\n\n\n<p><\/p>\n\n\n\n<p><strong><span data-fontSize=\"21px\" style=\"font-size: 21px;\" class=\"vk_inline-font-size\">Desserts <\/span><\/strong><\/p>\n\n\n\n<hr class=\"wp-block-separator has-alpha-channel-opacity\"\/>\n\n\n\n<p><strong>Coupe de fruits frais de saison <\/strong><\/p>\n\n\n\n<p>Fresh fruit salad<\/p>\n\n\n\n<p><strong>Glace Magnum<\/strong> <\/p>\n\n\n\n<p>Magnum ice cream<\/p>\n\n\n\n<hr class=\"wp-block-separator has-alpha-channel-opacity\"\/>\n\n\n\n<p><strong>Profitez d\u2019une cuisine simple et savoureuse, \u00e9labor\u00e9e \u00e0 partir de produits frais, locaux et bio chaque fois que possible. Notre menu propose des plats \u00e9quilibr\u00e9s, vari\u00e9s et faits maison, pour satisfaire tous les go\u00fbts. Que vous pr\u00e9f\u00e9riez des sp\u00e9cialit\u00e9s r\u00e9gionales ou des recettes du monde, vous trouverez toujours quelque chose pour vous r\u00e9galer. Nous pensons \u00e0 chacun, avec des options v\u00e9g\u00e9tariennes et des plats adapt\u00e9s \u00e0 toute la famille.<\/strong><\/p>\n\n\n\n<p><\/p>\n\n\n\n<p>Enjoy simple and tasty cuisine, prepared with fresh, local and organic ingredients whenever possible. Our menu features balanced, varied, and homemade dishes to please all tastes. Whether you prefer regional specialties or international recipes, you will always find something to enjoy. We cater to everyone, with vegetarian options and family-friendly dishes.<\/p>\n\n\n\n<p><\/p>\n","protected":false},"excerpt":{"rendered":"<p>Plats Main courses Salade compos\u00e9e, tartines de sainte maureMixed salad with Sainte-Maure cheese toasts Wok de l\u00e9gumes, nouilles de riz, tofu japonaisVegetable stir-fry with rice noodles and Japanese tofu Halloumi, l\u00e9gumes d&#8217;\u00e9t\u00e9 grill\u00e9s, semouleHalloumi with grilled summer vegetables and couscous Rougail saucisse r\u00e9unionnais, rizR\u00e9union-style sausage rougail with rice Pi\u00e8ce du boucher, pommes de terre saut\u00e9es [&hellip;]<\/p>\n","protected":false},"author":1,"featured_media":0,"parent":0,"menu_order":0,"comment_status":"closed","ping_status":"closed","template":"","meta":{"_monsterinsights_skip_tracking":false,"_monsterinsights_sitenote_active":false,"_monsterinsights_sitenote_note":"","_monsterinsights_sitenote_category":0,"ngg_post_thumbnail":0,"vkexunit_cta_each_option":"","footnotes":""},"class_list":["post-264","page","type-page","status-publish","hentry"],"aioseo_notices":[],"_links":{"self":[{"href":"https:\/\/lagrangedeturpenay.fr\/index.php?rest_route=\/wp\/v2\/pages\/264","targetHints":{"allow":["GET"]}}],"collection":[{"href":"https:\/\/lagrangedeturpenay.fr\/index.php?rest_route=\/wp\/v2\/pages"}],"about":[{"href":"https:\/\/lagrangedeturpenay.fr\/index.php?rest_route=\/wp\/v2\/types\/page"}],"author":[{"embeddable":true,"href":"https:\/\/lagrangedeturpenay.fr\/index.php?rest_route=\/wp\/v2\/users\/1"}],"replies":[{"embeddable":true,"href":"https:\/\/lagrangedeturpenay.fr\/index.php?rest_route=%2Fwp%2Fv2%2Fcomments&post=264"}],"version-history":[{"count":3,"href":"https:\/\/lagrangedeturpenay.fr\/index.php?rest_route=\/wp\/v2\/pages\/264\/revisions"}],"predecessor-version":[{"id":270,"href":"https:\/\/lagrangedeturpenay.fr\/index.php?rest_route=\/wp\/v2\/pages\/264\/revisions\/270"}],"wp:attachment":[{"href":"https:\/\/lagrangedeturpenay.fr\/index.php?rest_route=%2Fwp%2Fv2%2Fmedia&parent=264"}],"curies":[{"name":"wp","href":"https:\/\/api.w.org\/{rel}","templated":true}]}}