{"id":21,"date":"2023-04-24T17:43:24","date_gmt":"2023-04-24T14:11:07","guid":{"rendered":"https:\/\/lagrangedeturpenay.fr\/?page_id=21"},"modified":"2025-07-05T15:38:42","modified_gmt":"2025-07-05T13:38:42","slug":"restauration","status":"publish","type":"page","link":"https:\/\/lagrangedeturpenay.fr\/?page_id=21&lang=fr","title":{"rendered":"Restauration"},"content":{"rendered":"\n<div class=\"wp-block-buttons is-layout-flex wp-block-buttons-is-layout-flex\">\n<div class=\"wp-block-button is-style-fill\"><a class=\"wp-block-button__link has-black-color has-luminous-vivid-amber-background-color has-text-color has-background has-link-color wp-element-button\" href=\"https:\/\/lagrangedeturpenay.fr\/?page_id=264\">Lien vers le menu<\/a><\/div>\n<\/div>\n\n\n\n<h2 class=\"wp-block-heading\">Repas sur r\u00e9servation \/ Meals by reservation<\/h2>\n\n\n\n<p><strong>Nous proposons des d\u00eeners servis en chambre, sur r\u00e9servation pr\u00e9alable. Vous trouverez un lien vers la carte ci-dessus. N&#8217;h\u00e9sitez pas \u00e0 nous faire part de vos envies. Veuillez noter que la disponibilit\u00e9 du service d\u00e9pend de nos possibilit\u00e9s du moment, afin de vous offrir un service de qualit\u00e9.<\/strong><\/p>\n\n\n\n<p><\/p>\n\n\n\n<hr class=\"wp-block-separator has-alpha-channel-opacity\"\/>\n\n\n\n<p><\/p>\n\n\n\n<p>We offer in-room dinners, available by prior reservation. You will find a link to the menu above. Please feel free to let us know your preferences. Please note that the availability of this service depends on our current possibilities, in order to provide you with the best quality service.<\/p>\n\n\n\nngg_shortcode_0_placeholder\n\n\n\n<p><\/p>\n","protected":false},"excerpt":{"rendered":"<p>Repas sur r\u00e9servation \/ Meals by reservation Nous proposons des d\u00eeners servis en chambre, sur r\u00e9servation pr\u00e9alable. Vous trouverez un lien vers la carte ci-dessus. N&#8217;h\u00e9sitez pas \u00e0 nous faire part de vos envies. Veuillez noter que la disponibilit\u00e9 du service d\u00e9pend de nos possibilit\u00e9s du moment, afin de vous offrir un service de qualit\u00e9. [&hellip;]<\/p>\n","protected":false},"author":1,"featured_media":0,"parent":0,"menu_order":0,"comment_status":"closed","ping_status":"closed","template":"","meta":{"_monsterinsights_skip_tracking":false,"_monsterinsights_sitenote_active":false,"_monsterinsights_sitenote_note":"","_monsterinsights_sitenote_category":0,"ngg_post_thumbnail":0,"vkexunit_cta_each_option":"","footnotes":""},"class_list":["post-21","page","type-page","status-publish","hentry"],"aioseo_notices":[],"_links":{"self":[{"href":"https:\/\/lagrangedeturpenay.fr\/index.php?rest_route=\/wp\/v2\/pages\/21","targetHints":{"allow":["GET"]}}],"collection":[{"href":"https:\/\/lagrangedeturpenay.fr\/index.php?rest_route=\/wp\/v2\/pages"}],"about":[{"href":"https:\/\/lagrangedeturpenay.fr\/index.php?rest_route=\/wp\/v2\/types\/page"}],"author":[{"embeddable":true,"href":"https:\/\/lagrangedeturpenay.fr\/index.php?rest_route=\/wp\/v2\/users\/1"}],"replies":[{"embeddable":true,"href":"https:\/\/lagrangedeturpenay.fr\/index.php?rest_route=%2Fwp%2Fv2%2Fcomments&post=21"}],"version-history":[{"count":14,"href":"https:\/\/lagrangedeturpenay.fr\/index.php?rest_route=\/wp\/v2\/pages\/21\/revisions"}],"predecessor-version":[{"id":287,"href":"https:\/\/lagrangedeturpenay.fr\/index.php?rest_route=\/wp\/v2\/pages\/21\/revisions\/287"}],"wp:attachment":[{"href":"https:\/\/lagrangedeturpenay.fr\/index.php?rest_route=%2Fwp%2Fv2%2Fmedia&parent=21"}],"curies":[{"name":"wp","href":"https:\/\/api.w.org\/{rel}","templated":true}]}}